{"id":2765,"date":"2025-03-20T11:55:50","date_gmt":"2025-03-20T10:55:50","guid":{"rendered":"https:\/\/sanpolostar.it\/?page_id=2765"},"modified":"2025-11-30T17:18:19","modified_gmt":"2025-11-30T16:18:19","slug":"reservations-appartement","status":"publish","type":"page","link":"https:\/\/sanpolostar.it\/fr\/reservations-appartement\/","title":{"rendered":"R\u00e9servations appartement"},"content":{"rendered":"\t\t<div data-elementor-type=\"wp-page\" data-elementor-id=\"2765\" class=\"elementor elementor-2765\" data-elementor-post-type=\"page\">\n\t\t\t\t\t\t<section class=\"elementor-section elementor-top-section elementor-element elementor-element-7652c2e elementor-section-boxed elementor-section-height-default elementor-section-height-default\" data-id=\"7652c2e\" data-element_type=\"section\" data-e-type=\"section\">\n\t\t\t\t\t\t<div class=\"elementor-container elementor-column-gap-default\">\n\t\t\t\t\t<div class=\"elementor-column elementor-col-100 elementor-top-column elementor-element elementor-element-7a5cd65\" data-id=\"7a5cd65\" data-element_type=\"column\" data-e-type=\"column\">\n\t\t\t<div class=\"elementor-widget-wrap elementor-element-populated\">\n\t\t\t\t\t\t<div class=\"elementor-element elementor-element-8a43dda elementor-widget elementor-widget-heading\" data-id=\"8a43dda\" data-element_type=\"widget\" data-e-type=\"widget\" data-widget_type=\"heading.default\">\n\t\t\t\t<div class=\"elementor-widget-container\">\n\t\t\t\t\t<h1 class=\"elementor-heading-title elementor-size-default\">R\u00e9servations appartement<\/h1>\t\t\t\t<\/div>\n\t\t\t\t<\/div>\n\t\t\t\t<div class=\"elementor-element elementor-element-7ffd456 elementor-widget elementor-widget-text-editor\" data-id=\"7ffd456\" data-element_type=\"widget\" data-e-type=\"widget\" data-widget_type=\"text-editor.default\">\n\t\t\t\t<div class=\"elementor-widget-container\">\n\t\t\t\t\t\t\t\t\t<p>Dans cette section, vous pouvez r\u00e9server votre appartement avec deux chambres, salle de bain priv\u00e9e et coin repas-salon ou des chambres \u00e9conomiques avec salle de bain ext\u00e9rieure commune au meilleur prix, en \u00e9conomisant jusqu&rsquo;\u00e0 20% par rapport aux prix demand\u00e9s par les sites de r\u00e9servation tiers.<\/p><p>Nos appartements et chambres avec salle de bain commune sont situ\u00e9s \u00e0 300 m\u00e8tres de la place Saint-Marc, pr\u00e8s du Campo Santa Maria Formosa.<\/p><p><strong>Arriv\u00e9e<\/strong> : 16 h &#8211; 19 h.<\/p><p>L&rsquo;enregistrement entre 19 heures et 21 heures entra\u00eene un suppl\u00e9ment de 25 euros.<\/p><p>Il n&rsquo;est pas possible de s&rsquo;enregistrer apr\u00e8s 21 heures, m\u00eame moyennant un suppl\u00e9ment.<\/p><p>Toute demande d&rsquo;arriv\u00e9e tardive doit \u00eatre communiqu\u00e9e et confirm\u00e9e par notre \u00e9tablissement au moins 72 heures avant la date d&rsquo;arriv\u00e9e.<\/p><p><strong>Attention :<\/strong> Apr\u00e8s la r\u00e9servation, vous recevrez un lien de paiement qui vous dirigera vers une plateforme de paiement s\u00e9curis\u00e9e. La r\u00e9servation ne sera d\u00e9finitivement confirm\u00e9e par notre \u00e9tablissement qu&rsquo;apr\u00e8s que vous aurez pay\u00e9 le prix de la r\u00e9servation qui doit \u00eatre effectu\u00e9 dans les 24 heures suivant la r\u00e9ception du lien. Pour les r\u00e9servations le jour m\u00eame, le paiement est d\u00fb imm\u00e9diatement apr\u00e8s l&rsquo;envoi du lien.<\/p><p>Ensuite, vous pouvez s\u00e9lectionner votre s\u00e9jour, en entrant toutes les donn\u00e9es dans le moteur de r\u00e9servation.<\/p><p>Si vous ne trouvez pas de proposition adapt\u00e9e sur notre site, nous vous conseillons de consulter les propositions sur <a href=\"http:\/\/www.booking-venice.com\" rel=\"nofollow noopener\" target=\"_blank\">www.booking-venice.com<\/a>.<\/p>\t\t\t\t\t\t\t\t<\/div>\n\t\t\t\t<\/div>\n\t\t\t\t\t<\/div>\n\t\t<\/div>\n\t\t\t\t\t<\/div>\n\t\t<\/section>\n\t\t\t\t<section class=\"elementor-section elementor-top-section elementor-element elementor-element-d6ab6a9 elementor-section-boxed elementor-section-height-default elementor-section-height-default\" data-id=\"d6ab6a9\" data-element_type=\"section\" data-e-type=\"section\">\n\t\t\t\t\t\t<div class=\"elementor-container elementor-column-gap-default\">\n\t\t\t\t\t<div class=\"elementor-column elementor-col-100 elementor-top-column elementor-element elementor-element-92c40a5\" data-id=\"92c40a5\" data-element_type=\"column\" data-e-type=\"column\">\n\t\t\t<div class=\"elementor-widget-wrap elementor-element-populated\">\n\t\t\t\t\t\t<div class=\"elementor-element elementor-element-9a95cd6 elementor-widget elementor-widget-google_maps\" data-id=\"9a95cd6\" data-element_type=\"widget\" data-e-type=\"widget\" data-widget_type=\"google_maps.default\">\n\t\t\t\t<div class=\"elementor-widget-container\">\n\t\t\t\t\t\t\t<div class=\"elementor-custom-embed\">\n\t\t\t<iframe loading=\"lazy\"\n\t\t\t\t\tsrc=\"https:\/\/maps.google.com\/maps?q=Sweet%20Venice%20-%20rooms%20%26%20apartments&#038;t=m&#038;z=10&#038;output=embed&#038;iwloc=near\"\n\t\t\t\t\ttitle=\"Sweet Venice - rooms &amp; apartments\"\n\t\t\t\t\taria-label=\"Sweet Venice - rooms &amp; apartments\"\n\t\t\t><\/iframe>\n\t\t<\/div>\n\t\t\t\t\t\t<\/div>\n\t\t\t\t<\/div>\n\t\t\t\t\t<\/div>\n\t\t<\/div>\n\t\t\t\t\t<\/div>\n\t\t<\/section>\n\t\t\t\t<section class=\"elementor-section elementor-top-section elementor-element elementor-element-7627d20 elementor-section-boxed elementor-section-height-default elementor-section-height-default\" data-id=\"7627d20\" data-element_type=\"section\" data-e-type=\"section\">\n\t\t\t\t\t\t<div class=\"elementor-container elementor-column-gap-default\">\n\t\t\t\t\t<div class=\"elementor-column elementor-col-100 elementor-top-column elementor-element elementor-element-76d7327\" data-id=\"76d7327\" data-element_type=\"column\" data-e-type=\"column\" data-settings=\"{&quot;background_background&quot;:&quot;classic&quot;}\">\n\t\t\t<div class=\"elementor-widget-wrap elementor-element-populated\">\n\t\t\t\t\t\t<div class=\"elementor-element elementor-element-92c1449 elementor-widget elementor-widget-html\" data-id=\"92c1449\" data-element_type=\"widget\" data-e-type=\"widget\" data-widget_type=\"html.default\">\n\t\t\t\t<div class=\"elementor-widget-container\">\n\t\t\t\t\t<link href=\"https:\/\/cdn.ciaobooking.com\/widget\/css\/app.css\" rel=\"stylesheet\"\/><ciaobooking-widget\r\n        property-id=\"146340\"\r\n        host=\"https:\/\/sweet-venice.bookpage.io\"\r\n        radius=\"3px\"\r\n        with-children=\"true\"\r\n        primary-color=\"#FC4009FF\"\r\n        new-page=\"false\"\r\n        expanded-occupation=\"false\"\r\n        with-shadow=\"false\"\r\n        alternative-submit=\"true\"\r\n        is-dropdown=\"false\"\r\n        font-family=\"Montserrat\"\r\n        with-destinations=\"false\"\r\n        booking-network-id=\"1311\"\r\n        ><\/ciaobooking-widget><script src=\"https:\/\/cdn.ciaobooking.com\/widget\/js\/app.js\"><\/script>\r\n\t\t\t\t<\/div>\n\t\t\t\t<\/div>\n\t\t\t\t\t<\/div>\n\t\t<\/div>\n\t\t\t\t\t<\/div>\n\t\t<\/section>\n\t\t\t\t<\/div>\n\t\t","protected":false},"excerpt":{"rendered":"<p>Dans cette section, vous pouvez r\u00e9server votre appartement avec deux chambres, salle de bain priv\u00e9e et coin repas-salon ou des chambres \u00e9conomiques avec salle de bain ext\u00e9rieure commune au meilleur prix, en \u00e9conomisant jusqu&rsquo;\u00e0 20% par rapport aux prix demand\u00e9s par les sites de r\u00e9servation tiers. Nos appartements et chambres avec salle de bain commune [&hellip;]<\/p>\n","protected":false},"author":3,"featured_media":0,"parent":0,"menu_order":0,"comment_status":"closed","ping_status":"closed","template":"","meta":{"footnotes":""},"class_list":["post-2765","page","type-page","status-publish","hentry"],"yoast_head":"<!-- This site is optimized with the Yoast SEO plugin v27.2 - https:\/\/yoast.com\/product\/yoast-seo-wordpress\/ -->\n<title>R\u00e9servations appartement - San Polo Star<\/title>\n<meta name=\"robots\" content=\"index, follow, max-snippet:-1, max-image-preview:large, max-video-preview:-1\" \/>\n<link rel=\"canonical\" href=\"https:\/\/sanpolostar.it\/fr\/reservations-appartement\/\" \/>\n<meta property=\"og:locale\" content=\"fr_FR\" \/>\n<meta property=\"og:type\" content=\"article\" \/>\n<meta property=\"og:title\" content=\"R\u00e9servations appartement - San Polo Star\" \/>\n<meta property=\"og:description\" content=\"Dans cette section, vous pouvez r\u00e9server votre appartement avec deux chambres, salle de bain priv\u00e9e et coin repas-salon ou des chambres \u00e9conomiques avec salle de bain ext\u00e9rieure commune au meilleur prix, en \u00e9conomisant jusqu&rsquo;\u00e0 20% par rapport aux prix demand\u00e9s par les sites de r\u00e9servation tiers. Nos appartements et chambres avec salle de bain commune [&hellip;]\" \/>\n<meta property=\"og:url\" content=\"https:\/\/sanpolostar.it\/fr\/reservations-appartement\/\" \/>\n<meta property=\"og:site_name\" content=\"San Polo Star\" \/>\n<meta property=\"article:modified_time\" content=\"2025-11-30T16:18:19+00:00\" \/>\n<meta name=\"twitter:card\" content=\"summary_large_image\" \/>\n<meta name=\"twitter:label1\" content=\"Dur\u00e9e de lecture estim\u00e9e\" \/>\n\t<meta name=\"twitter:data1\" content=\"2 minutes\" \/>\n<script type=\"application\/ld+json\" class=\"yoast-schema-graph\">{\"@context\":\"https:\/\/schema.org\",\"@graph\":[{\"@type\":\"WebPage\",\"@id\":\"https:\/\/sanpolostar.it\/fr\/reservations-appartement\/\",\"url\":\"https:\/\/sanpolostar.it\/fr\/reservations-appartement\/\",\"name\":\"R\u00e9servations appartement - San Polo Star\",\"isPartOf\":{\"@id\":\"https:\/\/sanpolostar.it\/#website\"},\"datePublished\":\"2025-03-20T10:55:50+00:00\",\"dateModified\":\"2025-11-30T16:18:19+00:00\",\"breadcrumb\":{\"@id\":\"https:\/\/sanpolostar.it\/fr\/reservations-appartement\/#breadcrumb\"},\"inLanguage\":\"fr-FR\",\"potentialAction\":[{\"@type\":\"ReadAction\",\"target\":[\"https:\/\/sanpolostar.it\/fr\/reservations-appartement\/\"]}]},{\"@type\":\"BreadcrumbList\",\"@id\":\"https:\/\/sanpolostar.it\/fr\/reservations-appartement\/#breadcrumb\",\"itemListElement\":[{\"@type\":\"ListItem\",\"position\":1,\"name\":\"Home\",\"item\":\"http:\/\/sanpolostar.it\/fr\/\"},{\"@type\":\"ListItem\",\"position\":2,\"name\":\"R\u00e9servations appartement\"}]},{\"@type\":\"WebSite\",\"@id\":\"https:\/\/sanpolostar.it\/#website\",\"url\":\"https:\/\/sanpolostar.it\/\",\"name\":\"San Polo Star\",\"description\":\"\",\"publisher\":{\"@id\":\"https:\/\/sanpolostar.it\/#organization\"},\"potentialAction\":[{\"@type\":\"SearchAction\",\"target\":{\"@type\":\"EntryPoint\",\"urlTemplate\":\"https:\/\/sanpolostar.it\/?s={search_term_string}\"},\"query-input\":{\"@type\":\"PropertyValueSpecification\",\"valueRequired\":true,\"valueName\":\"search_term_string\"}}],\"inLanguage\":\"fr-FR\"},{\"@type\":\"Organization\",\"@id\":\"https:\/\/sanpolostar.it\/#organization\",\"name\":\"San Polo Star\",\"url\":\"https:\/\/sanpolostar.it\/\",\"logo\":{\"@type\":\"ImageObject\",\"inLanguage\":\"fr-FR\",\"@id\":\"https:\/\/sanpolostar.it\/#\/schema\/logo\/image\/\",\"url\":\"https:\/\/sanpolostar.it\/wp-content\/uploads\/2023\/01\/logo-san-polo-star-1.png\",\"contentUrl\":\"https:\/\/sanpolostar.it\/wp-content\/uploads\/2023\/01\/logo-san-polo-star-1.png\",\"width\":150,\"height\":90,\"caption\":\"San Polo Star\"},\"image\":{\"@id\":\"https:\/\/sanpolostar.it\/#\/schema\/logo\/image\/\"}}]}<\/script>\n<!-- \/ Yoast SEO plugin. -->","yoast_head_json":{"title":"R\u00e9servations appartement - San Polo Star","robots":{"index":"index","follow":"follow","max-snippet":"max-snippet:-1","max-image-preview":"max-image-preview:large","max-video-preview":"max-video-preview:-1"},"canonical":"https:\/\/sanpolostar.it\/fr\/reservations-appartement\/","og_locale":"fr_FR","og_type":"article","og_title":"R\u00e9servations appartement - San Polo Star","og_description":"Dans cette section, vous pouvez r\u00e9server votre appartement avec deux chambres, salle de bain priv\u00e9e et coin repas-salon ou des chambres \u00e9conomiques avec salle de bain ext\u00e9rieure commune au meilleur prix, en \u00e9conomisant jusqu&rsquo;\u00e0 20% par rapport aux prix demand\u00e9s par les sites de r\u00e9servation tiers. Nos appartements et chambres avec salle de bain commune [&hellip;]","og_url":"https:\/\/sanpolostar.it\/fr\/reservations-appartement\/","og_site_name":"San Polo Star","article_modified_time":"2025-11-30T16:18:19+00:00","twitter_card":"summary_large_image","twitter_misc":{"Dur\u00e9e de lecture estim\u00e9e":"2 minutes"},"schema":{"@context":"https:\/\/schema.org","@graph":[{"@type":"WebPage","@id":"https:\/\/sanpolostar.it\/fr\/reservations-appartement\/","url":"https:\/\/sanpolostar.it\/fr\/reservations-appartement\/","name":"R\u00e9servations appartement - San Polo Star","isPartOf":{"@id":"https:\/\/sanpolostar.it\/#website"},"datePublished":"2025-03-20T10:55:50+00:00","dateModified":"2025-11-30T16:18:19+00:00","breadcrumb":{"@id":"https:\/\/sanpolostar.it\/fr\/reservations-appartement\/#breadcrumb"},"inLanguage":"fr-FR","potentialAction":[{"@type":"ReadAction","target":["https:\/\/sanpolostar.it\/fr\/reservations-appartement\/"]}]},{"@type":"BreadcrumbList","@id":"https:\/\/sanpolostar.it\/fr\/reservations-appartement\/#breadcrumb","itemListElement":[{"@type":"ListItem","position":1,"name":"Home","item":"http:\/\/sanpolostar.it\/fr\/"},{"@type":"ListItem","position":2,"name":"R\u00e9servations appartement"}]},{"@type":"WebSite","@id":"https:\/\/sanpolostar.it\/#website","url":"https:\/\/sanpolostar.it\/","name":"San Polo Star","description":"","publisher":{"@id":"https:\/\/sanpolostar.it\/#organization"},"potentialAction":[{"@type":"SearchAction","target":{"@type":"EntryPoint","urlTemplate":"https:\/\/sanpolostar.it\/?s={search_term_string}"},"query-input":{"@type":"PropertyValueSpecification","valueRequired":true,"valueName":"search_term_string"}}],"inLanguage":"fr-FR"},{"@type":"Organization","@id":"https:\/\/sanpolostar.it\/#organization","name":"San Polo Star","url":"https:\/\/sanpolostar.it\/","logo":{"@type":"ImageObject","inLanguage":"fr-FR","@id":"https:\/\/sanpolostar.it\/#\/schema\/logo\/image\/","url":"https:\/\/sanpolostar.it\/wp-content\/uploads\/2023\/01\/logo-san-polo-star-1.png","contentUrl":"https:\/\/sanpolostar.it\/wp-content\/uploads\/2023\/01\/logo-san-polo-star-1.png","width":150,"height":90,"caption":"San Polo Star"},"image":{"@id":"https:\/\/sanpolostar.it\/#\/schema\/logo\/image\/"}}]}},"_links":{"self":[{"href":"https:\/\/sanpolostar.it\/fr\/wp-json\/wp\/v2\/pages\/2765","targetHints":{"allow":["GET"]}}],"collection":[{"href":"https:\/\/sanpolostar.it\/fr\/wp-json\/wp\/v2\/pages"}],"about":[{"href":"https:\/\/sanpolostar.it\/fr\/wp-json\/wp\/v2\/types\/page"}],"author":[{"embeddable":true,"href":"https:\/\/sanpolostar.it\/fr\/wp-json\/wp\/v2\/users\/3"}],"replies":[{"embeddable":true,"href":"https:\/\/sanpolostar.it\/fr\/wp-json\/wp\/v2\/comments?post=2765"}],"version-history":[{"count":13,"href":"https:\/\/sanpolostar.it\/fr\/wp-json\/wp\/v2\/pages\/2765\/revisions"}],"predecessor-version":[{"id":2988,"href":"https:\/\/sanpolostar.it\/fr\/wp-json\/wp\/v2\/pages\/2765\/revisions\/2988"}],"wp:attachment":[{"href":"https:\/\/sanpolostar.it\/fr\/wp-json\/wp\/v2\/media?parent=2765"}],"curies":[{"name":"wp","href":"https:\/\/api.w.org\/{rel}","templated":true}]}}