{"id":1876,"date":"2023-01-24T22:57:53","date_gmt":"2023-01-24T21:57:53","guid":{"rendered":"https:\/\/sanpolostar.it\/localisation\/"},"modified":"2024-03-13T18:44:58","modified_gmt":"2024-03-13T17:44:58","slug":"localisation","status":"publish","type":"page","link":"https:\/\/sanpolostar.it\/fr\/localisation\/","title":{"rendered":"Localisation"},"content":{"rendered":"\t\t<div data-elementor-type=\"wp-page\" data-elementor-id=\"1876\" class=\"elementor elementor-1876 elementor-16\" data-elementor-post-type=\"page\">\n\t\t\t\t\t\t<section class=\"elementor-section elementor-top-section elementor-element elementor-element-712e7f8 elementor-section-boxed elementor-section-height-default elementor-section-height-default\" data-id=\"712e7f8\" data-element_type=\"section\" data-e-type=\"section\">\n\t\t\t\t\t\t<div class=\"elementor-container elementor-column-gap-default\">\n\t\t\t\t\t<div class=\"elementor-column elementor-col-100 elementor-top-column elementor-element elementor-element-749bf82\" data-id=\"749bf82\" data-element_type=\"column\" data-e-type=\"column\">\n\t\t\t<div class=\"elementor-widget-wrap elementor-element-populated\">\n\t\t\t\t\t\t<div class=\"elementor-element elementor-element-818cbae elementor-widget elementor-widget-heading\" data-id=\"818cbae\" data-element_type=\"widget\" data-e-type=\"widget\" data-widget_type=\"heading.default\">\n\t\t\t\t<div class=\"elementor-widget-container\">\n\t\t\t\t\t<h2 class=\"elementor-heading-title elementor-size-default\">Localisation<\/h2>\t\t\t\t<\/div>\n\t\t\t\t<\/div>\n\t\t\t\t<div class=\"elementor-element elementor-element-c40ba45 elementor-widget elementor-widget-text-editor\" data-id=\"c40ba45\" data-element_type=\"widget\" data-e-type=\"widget\" data-widget_type=\"text-editor.default\">\n\t\t\t\t<div class=\"elementor-widget-container\">\n\t\t\t\t\t\t\t\t\t<p>San Polo 3073\/O (Calle del Campazzo)<\/p>\n<p>30125 Venezia<\/p>\n<p>Coordonn\u00e9es g\u00e9ographiques: 45.43805, 12.32362<\/p>\n<p>Pour trouver notre \u00e9tablissement via Google maps, vous pouvez cliquer sur le lien suivant: <a href=\"https:\/\/maps.app.goo.gl\/Bq3CnB2LHE9hw36g7\" rel=\"nofollow noopener\" target=\"_blank\">https:\/\/maps.app.goo.gl\/Bq3CnB2LHE9hw36g7<\/a><\/p>\n\t\t\t\t\t\t\t\t<\/div>\n\t\t\t\t<\/div>\n\t\t\t\t\t<\/div>\n\t\t<\/div>\n\t\t\t\t\t<\/div>\n\t\t<\/section>\n\t\t\t\t<section class=\"elementor-section elementor-top-section elementor-element elementor-element-31c2433 elementor-section-stretched elementor-section-boxed elementor-section-height-default elementor-section-height-default\" data-id=\"31c2433\" data-element_type=\"section\" data-e-type=\"section\" data-settings=\"{&quot;stretch_section&quot;:&quot;section-stretched&quot;,&quot;background_background&quot;:&quot;classic&quot;}\">\n\t\t\t\t\t\t<div class=\"elementor-container elementor-column-gap-default\">\n\t\t\t\t\t<div class=\"elementor-column elementor-col-100 elementor-top-column elementor-element elementor-element-172ba17\" data-id=\"172ba17\" data-element_type=\"column\" data-e-type=\"column\">\n\t\t\t<div class=\"elementor-widget-wrap elementor-element-populated\">\n\t\t\t\t\t\t<div class=\"elementor-element elementor-element-1409697 elementor-widget elementor-widget-google_maps\" data-id=\"1409697\" data-element_type=\"widget\" data-e-type=\"widget\" data-widget_type=\"google_maps.default\">\n\t\t\t\t<div class=\"elementor-widget-container\">\n\t\t\t\t\t\t\t<div class=\"elementor-custom-embed\">\n\t\t\t<iframe loading=\"lazy\"\n\t\t\t\t\tsrc=\"https:\/\/maps.google.com\/maps?q=San%20Polo%20Star%20San%20Polo%203073%2FO%20%28Calle%20del%20Campazzo%29%20%2030125%20Venezia&#038;t=m&#038;z=18&#038;output=embed&#038;iwloc=near\"\n\t\t\t\t\ttitle=\"San Polo Star San Polo 3073\/O (Calle del Campazzo)  30125 Venezia\"\n\t\t\t\t\taria-label=\"San Polo Star San Polo 3073\/O (Calle del Campazzo)  30125 Venezia\"\n\t\t\t><\/iframe>\n\t\t<\/div>\n\t\t\t\t\t\t<\/div>\n\t\t\t\t<\/div>\n\t\t\t\t\t<\/div>\n\t\t<\/div>\n\t\t\t\t\t<\/div>\n\t\t<\/section>\n\t\t\t\t<section class=\"elementor-section elementor-top-section elementor-element elementor-element-cf8f6f2 elementor-reverse-tablet elementor-reverse-mobile elementor-section-boxed elementor-section-height-default elementor-section-height-default\" data-id=\"cf8f6f2\" data-element_type=\"section\" data-e-type=\"section\">\n\t\t\t\t\t\t<div class=\"elementor-container elementor-column-gap-default\">\n\t\t\t\t\t<div class=\"elementor-column elementor-col-50 elementor-top-column elementor-element elementor-element-b09d09f\" data-id=\"b09d09f\" data-element_type=\"column\" data-e-type=\"column\">\n\t\t\t<div class=\"elementor-widget-wrap elementor-element-populated\">\n\t\t\t\t\t\t<div class=\"elementor-element elementor-element-48208d0 elementor-widget elementor-widget-image\" data-id=\"48208d0\" data-element_type=\"widget\" data-e-type=\"widget\" data-widget_type=\"image.default\">\n\t\t\t\t<div class=\"elementor-widget-container\">\n\t\t\t\t\t\t\t\t\t\t\t\t\t\t\t<img fetchpriority=\"high\" decoding=\"async\" width=\"800\" height=\"533\" src=\"https:\/\/sanpolostar.it\/wp-content\/uploads\/2023\/04\/san-polo-star-san-rocco-0453-1024x682.webp\" class=\"attachment-large size-large wp-image-1401\" alt=\"San Polo Star - o\u00f9 nous sommes\" srcset=\"https:\/\/sanpolostar.it\/wp-content\/uploads\/2023\/04\/san-polo-star-san-rocco-0453-1024x682.webp 1024w, https:\/\/sanpolostar.it\/wp-content\/uploads\/2023\/04\/san-polo-star-san-rocco-0453-300x200.webp 300w, https:\/\/sanpolostar.it\/wp-content\/uploads\/2023\/04\/san-polo-star-san-rocco-0453-768x512.webp 768w, https:\/\/sanpolostar.it\/wp-content\/uploads\/2023\/04\/san-polo-star-san-rocco-0453-1536x1024.webp 1536w, https:\/\/sanpolostar.it\/wp-content\/uploads\/2023\/04\/san-polo-star-san-rocco-0453.webp 2000w\" sizes=\"(max-width: 800px) 100vw, 800px\" title=\"\">\t\t\t\t\t\t\t\t\t\t\t\t\t\t\t<\/div>\n\t\t\t\t<\/div>\n\t\t\t\t\t<\/div>\n\t\t<\/div>\n\t\t\t\t<div class=\"elementor-column elementor-col-50 elementor-top-column elementor-element elementor-element-c19bcec\" data-id=\"c19bcec\" data-element_type=\"column\" data-e-type=\"column\">\n\t\t\t<div class=\"elementor-widget-wrap elementor-element-populated\">\n\t\t\t\t\t\t<div class=\"elementor-element elementor-element-d690d1b elementor-widget elementor-widget-text-editor\" data-id=\"d690d1b\" data-element_type=\"widget\" data-e-type=\"widget\" data-widget_type=\"text-editor.default\">\n\t\t\t\t<div class=\"elementor-widget-container\">\n\t\t\t\t\t\t\t\t\t<p>Notre \u00e9tablissement se trouve \u00e0 5 minutes \u00e0 pied de la gare routi\u00e8re \u00ab Piazzale Roma \u00bb et de la gare ferroviaire \u00ab Santa Lucia \u00bb.<\/p>\n<p>Notre structure ne dispose pas de parking car nous sommes situ\u00e9s dans la lagune.<\/p>\n<p>Vous pouvez garer votre v\u00e9hicule dans le \u00ab Garage San Marco \u00bb (041 523 2213) ou dans l\u2019\u00ab Autorimessa Comunale \u00bb (t\u00e9l. 041 272 7301) \u00e0 Piazzale Roma (Venise centre historique). Alternativement, vous pouvez vous garer au \u00ab Tronchetto Parking \u00bb (t\u00e9l. 041 5207555) ou sur le continent au \u00ab Venice City Park \u00bb (t\u00e9l. 041 531 66 84) \u00e0 Marghera\/Mestre.<\/p>\n\t\t\t\t\t\t\t\t<\/div>\n\t\t\t\t<\/div>\n\t\t\t\t\t<\/div>\n\t\t<\/div>\n\t\t\t\t\t<\/div>\n\t\t<\/section>\n\t\t\t\t<\/div>\n\t\t","protected":false},"excerpt":{"rendered":"<p>Localisation San Polo 3073\/O (Calle del Campazzo) 30125 Venezia Coordonn\u00e9es g\u00e9ographiques: 45.43805, 12.32362 Pour trouver notre \u00e9tablissement via Google maps, vous pouvez cliquer sur le lien suivant: https:\/\/maps.app.goo.gl\/Bq3CnB2LHE9hw36g7 Notre \u00e9tablissement se trouve \u00e0 5 minutes \u00e0 pied de la gare routi\u00e8re \u00ab Piazzale Roma \u00bb et de la gare ferroviaire \u00ab Santa Lucia \u00bb. Notre [&hellip;]<\/p>\n","protected":false},"author":1,"featured_media":0,"parent":0,"menu_order":0,"comment_status":"closed","ping_status":"closed","template":"","meta":{"footnotes":""},"class_list":["post-1876","page","type-page","status-publish","hentry"],"yoast_head":"<!-- This site is optimized with the Yoast SEO plugin v27.2 - https:\/\/yoast.com\/product\/yoast-seo-wordpress\/ -->\n<title>Localisation - San Polo Star<\/title>\n<meta name=\"robots\" content=\"index, follow, max-snippet:-1, max-image-preview:large, max-video-preview:-1\" \/>\n<link rel=\"canonical\" href=\"http:\/\/sanpolostar.it\/fr\/localisation\/\" \/>\n<meta property=\"og:locale\" content=\"fr_FR\" \/>\n<meta property=\"og:type\" content=\"article\" \/>\n<meta property=\"og:title\" content=\"Localisation - San Polo Star\" \/>\n<meta property=\"og:description\" content=\"Localisation San Polo 3073\/O (Calle del Campazzo) 30125 Venezia Coordonn\u00e9es g\u00e9ographiques: 45.43805, 12.32362 Pour trouver notre \u00e9tablissement via Google maps, vous pouvez cliquer sur le lien suivant: https:\/\/maps.app.goo.gl\/Bq3CnB2LHE9hw36g7 Notre \u00e9tablissement se trouve \u00e0 5 minutes \u00e0 pied de la gare routi\u00e8re \u00ab Piazzale Roma \u00bb et de la gare ferroviaire \u00ab Santa Lucia \u00bb. Notre [&hellip;]\" \/>\n<meta property=\"og:url\" content=\"http:\/\/sanpolostar.it\/fr\/localisation\/\" \/>\n<meta property=\"og:site_name\" content=\"San Polo Star\" \/>\n<meta property=\"article:modified_time\" content=\"2024-03-13T17:44:58+00:00\" \/>\n<meta property=\"og:image\" content=\"http:\/\/sanpolostar.it\/wp-content\/uploads\/2023\/04\/san-polo-star-san-rocco-0453-1024x682.webp\" \/>\n<meta name=\"twitter:card\" content=\"summary_large_image\" \/>\n<meta name=\"twitter:label1\" content=\"Dur\u00e9e de lecture estim\u00e9e\" \/>\n\t<meta name=\"twitter:data1\" content=\"1 minute\" \/>\n<script type=\"application\/ld+json\" class=\"yoast-schema-graph\">{\"@context\":\"https:\/\/schema.org\",\"@graph\":[{\"@type\":\"WebPage\",\"@id\":\"http:\/\/sanpolostar.it\/fr\/localisation\/\",\"url\":\"http:\/\/sanpolostar.it\/fr\/localisation\/\",\"name\":\"Localisation - San Polo Star\",\"isPartOf\":{\"@id\":\"https:\/\/sanpolostar.it\/#website\"},\"primaryImageOfPage\":{\"@id\":\"http:\/\/sanpolostar.it\/fr\/localisation\/#primaryimage\"},\"image\":{\"@id\":\"http:\/\/sanpolostar.it\/fr\/localisation\/#primaryimage\"},\"thumbnailUrl\":\"http:\/\/sanpolostar.it\/wp-content\/uploads\/2023\/04\/san-polo-star-san-rocco-0453-1024x682.webp\",\"datePublished\":\"2023-01-24T21:57:53+00:00\",\"dateModified\":\"2024-03-13T17:44:58+00:00\",\"breadcrumb\":{\"@id\":\"http:\/\/sanpolostar.it\/fr\/localisation\/#breadcrumb\"},\"inLanguage\":\"fr-FR\",\"potentialAction\":[{\"@type\":\"ReadAction\",\"target\":[\"http:\/\/sanpolostar.it\/fr\/localisation\/\"]}]},{\"@type\":\"ImageObject\",\"inLanguage\":\"fr-FR\",\"@id\":\"http:\/\/sanpolostar.it\/fr\/localisation\/#primaryimage\",\"url\":\"http:\/\/sanpolostar.it\/wp-content\/uploads\/2023\/04\/san-polo-star-san-rocco-0453-1024x682.webp\",\"contentUrl\":\"http:\/\/sanpolostar.it\/wp-content\/uploads\/2023\/04\/san-polo-star-san-rocco-0453-1024x682.webp\"},{\"@type\":\"BreadcrumbList\",\"@id\":\"http:\/\/sanpolostar.it\/fr\/localisation\/#breadcrumb\",\"itemListElement\":[{\"@type\":\"ListItem\",\"position\":1,\"name\":\"Home\",\"item\":\"http:\/\/sanpolostar.it\/fr\/\"},{\"@type\":\"ListItem\",\"position\":2,\"name\":\"Localisation\"}]},{\"@type\":\"WebSite\",\"@id\":\"https:\/\/sanpolostar.it\/#website\",\"url\":\"https:\/\/sanpolostar.it\/\",\"name\":\"San Polo Star\",\"description\":\"\",\"publisher\":{\"@id\":\"https:\/\/sanpolostar.it\/#organization\"},\"potentialAction\":[{\"@type\":\"SearchAction\",\"target\":{\"@type\":\"EntryPoint\",\"urlTemplate\":\"https:\/\/sanpolostar.it\/?s={search_term_string}\"},\"query-input\":{\"@type\":\"PropertyValueSpecification\",\"valueRequired\":true,\"valueName\":\"search_term_string\"}}],\"inLanguage\":\"fr-FR\"},{\"@type\":\"Organization\",\"@id\":\"https:\/\/sanpolostar.it\/#organization\",\"name\":\"San Polo Star\",\"url\":\"https:\/\/sanpolostar.it\/\",\"logo\":{\"@type\":\"ImageObject\",\"inLanguage\":\"fr-FR\",\"@id\":\"https:\/\/sanpolostar.it\/#\/schema\/logo\/image\/\",\"url\":\"https:\/\/sanpolostar.it\/wp-content\/uploads\/2023\/01\/logo-san-polo-star-1.png\",\"contentUrl\":\"https:\/\/sanpolostar.it\/wp-content\/uploads\/2023\/01\/logo-san-polo-star-1.png\",\"width\":150,\"height\":90,\"caption\":\"San Polo Star\"},\"image\":{\"@id\":\"https:\/\/sanpolostar.it\/#\/schema\/logo\/image\/\"}}]}<\/script>\n<!-- \/ Yoast SEO plugin. -->","yoast_head_json":{"title":"Localisation - San Polo Star","robots":{"index":"index","follow":"follow","max-snippet":"max-snippet:-1","max-image-preview":"max-image-preview:large","max-video-preview":"max-video-preview:-1"},"canonical":"http:\/\/sanpolostar.it\/fr\/localisation\/","og_locale":"fr_FR","og_type":"article","og_title":"Localisation - San Polo Star","og_description":"Localisation San Polo 3073\/O (Calle del Campazzo) 30125 Venezia Coordonn\u00e9es g\u00e9ographiques: 45.43805, 12.32362 Pour trouver notre \u00e9tablissement via Google maps, vous pouvez cliquer sur le lien suivant: https:\/\/maps.app.goo.gl\/Bq3CnB2LHE9hw36g7 Notre \u00e9tablissement se trouve \u00e0 5 minutes \u00e0 pied de la gare routi\u00e8re \u00ab Piazzale Roma \u00bb et de la gare ferroviaire \u00ab Santa Lucia \u00bb. Notre [&hellip;]","og_url":"http:\/\/sanpolostar.it\/fr\/localisation\/","og_site_name":"San Polo Star","article_modified_time":"2024-03-13T17:44:58+00:00","og_image":[{"url":"http:\/\/sanpolostar.it\/wp-content\/uploads\/2023\/04\/san-polo-star-san-rocco-0453-1024x682.webp","type":"","width":"","height":""}],"twitter_card":"summary_large_image","twitter_misc":{"Dur\u00e9e de lecture estim\u00e9e":"1 minute"},"schema":{"@context":"https:\/\/schema.org","@graph":[{"@type":"WebPage","@id":"http:\/\/sanpolostar.it\/fr\/localisation\/","url":"http:\/\/sanpolostar.it\/fr\/localisation\/","name":"Localisation - San Polo Star","isPartOf":{"@id":"https:\/\/sanpolostar.it\/#website"},"primaryImageOfPage":{"@id":"http:\/\/sanpolostar.it\/fr\/localisation\/#primaryimage"},"image":{"@id":"http:\/\/sanpolostar.it\/fr\/localisation\/#primaryimage"},"thumbnailUrl":"http:\/\/sanpolostar.it\/wp-content\/uploads\/2023\/04\/san-polo-star-san-rocco-0453-1024x682.webp","datePublished":"2023-01-24T21:57:53+00:00","dateModified":"2024-03-13T17:44:58+00:00","breadcrumb":{"@id":"http:\/\/sanpolostar.it\/fr\/localisation\/#breadcrumb"},"inLanguage":"fr-FR","potentialAction":[{"@type":"ReadAction","target":["http:\/\/sanpolostar.it\/fr\/localisation\/"]}]},{"@type":"ImageObject","inLanguage":"fr-FR","@id":"http:\/\/sanpolostar.it\/fr\/localisation\/#primaryimage","url":"http:\/\/sanpolostar.it\/wp-content\/uploads\/2023\/04\/san-polo-star-san-rocco-0453-1024x682.webp","contentUrl":"http:\/\/sanpolostar.it\/wp-content\/uploads\/2023\/04\/san-polo-star-san-rocco-0453-1024x682.webp"},{"@type":"BreadcrumbList","@id":"http:\/\/sanpolostar.it\/fr\/localisation\/#breadcrumb","itemListElement":[{"@type":"ListItem","position":1,"name":"Home","item":"http:\/\/sanpolostar.it\/fr\/"},{"@type":"ListItem","position":2,"name":"Localisation"}]},{"@type":"WebSite","@id":"https:\/\/sanpolostar.it\/#website","url":"https:\/\/sanpolostar.it\/","name":"San Polo Star","description":"","publisher":{"@id":"https:\/\/sanpolostar.it\/#organization"},"potentialAction":[{"@type":"SearchAction","target":{"@type":"EntryPoint","urlTemplate":"https:\/\/sanpolostar.it\/?s={search_term_string}"},"query-input":{"@type":"PropertyValueSpecification","valueRequired":true,"valueName":"search_term_string"}}],"inLanguage":"fr-FR"},{"@type":"Organization","@id":"https:\/\/sanpolostar.it\/#organization","name":"San Polo Star","url":"https:\/\/sanpolostar.it\/","logo":{"@type":"ImageObject","inLanguage":"fr-FR","@id":"https:\/\/sanpolostar.it\/#\/schema\/logo\/image\/","url":"https:\/\/sanpolostar.it\/wp-content\/uploads\/2023\/01\/logo-san-polo-star-1.png","contentUrl":"https:\/\/sanpolostar.it\/wp-content\/uploads\/2023\/01\/logo-san-polo-star-1.png","width":150,"height":90,"caption":"San Polo Star"},"image":{"@id":"https:\/\/sanpolostar.it\/#\/schema\/logo\/image\/"}}]}},"_links":{"self":[{"href":"https:\/\/sanpolostar.it\/fr\/wp-json\/wp\/v2\/pages\/1876","targetHints":{"allow":["GET"]}}],"collection":[{"href":"https:\/\/sanpolostar.it\/fr\/wp-json\/wp\/v2\/pages"}],"about":[{"href":"https:\/\/sanpolostar.it\/fr\/wp-json\/wp\/v2\/types\/page"}],"author":[{"embeddable":true,"href":"https:\/\/sanpolostar.it\/fr\/wp-json\/wp\/v2\/users\/1"}],"replies":[{"embeddable":true,"href":"https:\/\/sanpolostar.it\/fr\/wp-json\/wp\/v2\/comments?post=1876"}],"version-history":[{"count":2,"href":"https:\/\/sanpolostar.it\/fr\/wp-json\/wp\/v2\/pages\/1876\/revisions"}],"predecessor-version":[{"id":2441,"href":"https:\/\/sanpolostar.it\/fr\/wp-json\/wp\/v2\/pages\/1876\/revisions\/2441"}],"wp:attachment":[{"href":"https:\/\/sanpolostar.it\/fr\/wp-json\/wp\/v2\/media?parent=1876"}],"curies":[{"name":"wp","href":"https:\/\/api.w.org\/{rel}","templated":true}]}}