{"id":1858,"date":"2023-04-20T20:34:13","date_gmt":"2023-04-20T18:34:13","guid":{"rendered":"https:\/\/sanpolostar.it\/tarifas-y-reservas\/"},"modified":"2025-11-30T17:35:03","modified_gmt":"2025-11-30T16:35:03","slug":"tarifas-y-reservas","status":"publish","type":"page","link":"https:\/\/sanpolostar.it\/es\/tarifas-y-reservas\/","title":{"rendered":"Reservas"},"content":{"rendered":"\t\t<div data-elementor-type=\"wp-page\" data-elementor-id=\"1858\" class=\"elementor elementor-1858 elementor-720\" data-elementor-post-type=\"page\">\n\t\t\t\t\t\t<section class=\"elementor-section elementor-top-section elementor-element elementor-element-7652c2e elementor-section-boxed elementor-section-height-default elementor-section-height-default\" data-id=\"7652c2e\" data-element_type=\"section\" data-e-type=\"section\">\n\t\t\t\t\t\t<div class=\"elementor-container elementor-column-gap-default\">\n\t\t\t\t\t<div class=\"elementor-column elementor-col-100 elementor-top-column elementor-element elementor-element-7a5cd65\" data-id=\"7a5cd65\" data-element_type=\"column\" data-e-type=\"column\">\n\t\t\t<div class=\"elementor-widget-wrap elementor-element-populated\">\n\t\t\t\t\t\t<div class=\"elementor-element elementor-element-8a43dda elementor-widget elementor-widget-heading\" data-id=\"8a43dda\" data-element_type=\"widget\" data-e-type=\"widget\" data-widget_type=\"heading.default\">\n\t\t\t\t<div class=\"elementor-widget-container\">\n\t\t\t\t\t<h1 class=\"elementor-heading-title elementor-size-default\">Reservas<\/h1>\t\t\t\t<\/div>\n\t\t\t\t<\/div>\n\t\t\t\t<div class=\"elementor-element elementor-element-7ffd456 elementor-widget elementor-widget-text-editor\" data-id=\"7ffd456\" data-element_type=\"widget\" data-e-type=\"widget\" data-widget_type=\"text-editor.default\">\n\t\t\t\t<div class=\"elementor-widget-container\">\n\t\t\t\t\t\t\t\t\t<p>En esta secci\u00f3n puede reservar su alojamiento al mejor precio, <strong>ahorrando hasta un 20%<\/strong> en comparaci\u00f3n con los precios que cobran los sitios de reservas de terceros.<\/p><p><strong>Entrada:<\/strong> 16:00-19:00.<\/p><p>El registro de entrada entre las 19.00 y las 21.00 horas conlleva un suplemento de 25 euros.<\/p><p>No es posible registrarse despu\u00e9s de las 21:00 horas, ni siquiera por un cargo adicional.<\/p><p>Todas las solicitudes de llegada tard\u00eda deben ser comunicadas y confirmadas por nuestras instalaciones al menos 72 horas antes de la fecha de llegada.<\/p><p><strong>Atenci\u00f3n:<\/strong> Tras la reserva recibir\u00e1 un enlace de pago que le dirigir\u00e1 a una plataforma de pago segura. Nuestra propiedad solo confirmar\u00e1 definitivamente la reserva despu\u00e9s de que usted haya pagado el precio de la reserva, lo que debe hacerse dentro de las 24 horas posteriores a la recepci\u00f3n del enlace. Para reservas el mismo d\u00eda, el pago debe realizarse inmediatamente despu\u00e9s del env\u00edo del enlace.<\/p><p>A continuaci\u00f3n puede seleccionar su estancia introduciendo todos los datos en el motor de reservas.<\/p><p>Si no encuentra una propuesta adecuada en nuestro sitio, le recomendamos que consulte las propuestas en <a href=\"http:\/\/www.booking-venice.com\" rel=\"nofollow noopener\" target=\"_blank\">www.booking-venice.com<\/a>.<\/p>\t\t\t\t\t\t\t\t<\/div>\n\t\t\t\t<\/div>\n\t\t\t\t\t<\/div>\n\t\t<\/div>\n\t\t\t\t\t<\/div>\n\t\t<\/section>\n\t\t\t\t<section class=\"elementor-section elementor-top-section elementor-element elementor-element-7627d20 elementor-section-boxed elementor-section-height-default elementor-section-height-default\" data-id=\"7627d20\" data-element_type=\"section\" data-e-type=\"section\">\n\t\t\t\t\t\t<div class=\"elementor-container elementor-column-gap-default\">\n\t\t\t\t\t<div class=\"elementor-column elementor-col-100 elementor-top-column elementor-element elementor-element-76d7327\" data-id=\"76d7327\" data-element_type=\"column\" data-e-type=\"column\" data-settings=\"{&quot;background_background&quot;:&quot;classic&quot;}\">\n\t\t\t<div class=\"elementor-widget-wrap elementor-element-populated\">\n\t\t\t\t\t\t<div class=\"elementor-element elementor-element-92c1449 elementor-widget elementor-widget-html\" data-id=\"92c1449\" data-element_type=\"widget\" data-e-type=\"widget\" data-widget_type=\"html.default\">\n\t\t\t\t<div class=\"elementor-widget-container\">\n\t\t\t\t\t<link href=\"https:\/\/cdn.ciaobooking.com\/widget\/css\/app.css\" rel=\"stylesheet\"\/><ciaobooking-widget\r\n        property-id=\"146164\"\r\n        host=\"https:\/\/sanpolostar.bookpage.io\"\r\n        radius=\"3px\"\r\n        with-children=\"true\"\r\n        primary-color=\"#24080874\"\r\n        new-page=\"false\"\r\n        expanded-occupation=\"false\"\r\n        with-shadow=\"false\"\r\n        alternative-submit=\"true\"\r\n        is-dropdown=\"false\"\r\n        font-family=\"Montserrat\"\r\n        with-destinations=\"false\"\r\n        booking-network-id=\"1310\"\r\n        ><\/ciaobooking-widget><script src=\"https:\/\/cdn.ciaobooking.com\/widget\/js\/app.js\"><\/script>\t\t\t\t<\/div>\n\t\t\t\t<\/div>\n\t\t\t\t\t<\/div>\n\t\t<\/div>\n\t\t\t\t\t<\/div>\n\t\t<\/section>\n\t\t\t\t<\/div>\n\t\t","protected":false},"excerpt":{"rendered":"<p>En esta secci\u00f3n puede reservar su alojamiento al mejor precio, ahorrando hasta un 20% en comparaci\u00f3n con los precios que cobran los sitios de reservas de terceros. Entrada: 16:00-19:00. El registro de entrada entre las 19.00 y las 21.00 horas conlleva un suplemento de 25 euros. No es posible registrarse despu\u00e9s de las 21:00 horas, [&hellip;]<\/p>\n","protected":false},"author":1,"featured_media":0,"parent":0,"menu_order":0,"comment_status":"closed","ping_status":"closed","template":"","meta":{"footnotes":""},"class_list":["post-1858","page","type-page","status-publish","hentry"],"yoast_head":"<!-- This site is optimized with the Yoast SEO plugin v27.2 - https:\/\/yoast.com\/product\/yoast-seo-wordpress\/ -->\n<title>Reservas - San Polo Star<\/title>\n<meta name=\"robots\" content=\"index, follow, max-snippet:-1, max-image-preview:large, max-video-preview:-1\" \/>\n<link rel=\"canonical\" href=\"http:\/\/sanpolostar.it\/es\/tarifas-y-reservas\/\" \/>\n<meta property=\"og:locale\" content=\"es_ES\" \/>\n<meta property=\"og:type\" content=\"article\" \/>\n<meta property=\"og:title\" content=\"Reservas - San Polo Star\" \/>\n<meta property=\"og:description\" content=\"En esta secci\u00f3n puede reservar su alojamiento al mejor precio, ahorrando hasta un 20% en comparaci\u00f3n con los precios que cobran los sitios de reservas de terceros. Entrada: 16:00-19:00. El registro de entrada entre las 19.00 y las 21.00 horas conlleva un suplemento de 25 euros. No es posible registrarse despu\u00e9s de las 21:00 horas, [&hellip;]\" \/>\n<meta property=\"og:url\" content=\"http:\/\/sanpolostar.it\/es\/tarifas-y-reservas\/\" \/>\n<meta property=\"og:site_name\" content=\"San Polo Star\" \/>\n<meta property=\"article:modified_time\" content=\"2025-11-30T16:35:03+00:00\" \/>\n<meta name=\"twitter:card\" content=\"summary_large_image\" \/>\n<meta name=\"twitter:label1\" content=\"Tiempo de lectura\" \/>\n\t<meta name=\"twitter:data1\" content=\"1 minuto\" \/>\n<script type=\"application\/ld+json\" class=\"yoast-schema-graph\">{\"@context\":\"https:\/\/schema.org\",\"@graph\":[{\"@type\":\"WebPage\",\"@id\":\"http:\/\/sanpolostar.it\/es\/tarifas-y-reservas\/\",\"url\":\"http:\/\/sanpolostar.it\/es\/tarifas-y-reservas\/\",\"name\":\"Reservas - San Polo Star\",\"isPartOf\":{\"@id\":\"https:\/\/sanpolostar.it\/#website\"},\"datePublished\":\"2023-04-20T18:34:13+00:00\",\"dateModified\":\"2025-11-30T16:35:03+00:00\",\"breadcrumb\":{\"@id\":\"http:\/\/sanpolostar.it\/es\/tarifas-y-reservas\/#breadcrumb\"},\"inLanguage\":\"es\",\"potentialAction\":[{\"@type\":\"ReadAction\",\"target\":[\"http:\/\/sanpolostar.it\/es\/tarifas-y-reservas\/\"]}]},{\"@type\":\"BreadcrumbList\",\"@id\":\"http:\/\/sanpolostar.it\/es\/tarifas-y-reservas\/#breadcrumb\",\"itemListElement\":[{\"@type\":\"ListItem\",\"position\":1,\"name\":\"Home\",\"item\":\"http:\/\/sanpolostar.it\/es\/\"},{\"@type\":\"ListItem\",\"position\":2,\"name\":\"Reservas\"}]},{\"@type\":\"WebSite\",\"@id\":\"https:\/\/sanpolostar.it\/#website\",\"url\":\"https:\/\/sanpolostar.it\/\",\"name\":\"San Polo Star\",\"description\":\"\",\"publisher\":{\"@id\":\"https:\/\/sanpolostar.it\/#organization\"},\"potentialAction\":[{\"@type\":\"SearchAction\",\"target\":{\"@type\":\"EntryPoint\",\"urlTemplate\":\"https:\/\/sanpolostar.it\/?s={search_term_string}\"},\"query-input\":{\"@type\":\"PropertyValueSpecification\",\"valueRequired\":true,\"valueName\":\"search_term_string\"}}],\"inLanguage\":\"es\"},{\"@type\":\"Organization\",\"@id\":\"https:\/\/sanpolostar.it\/#organization\",\"name\":\"San Polo Star\",\"url\":\"https:\/\/sanpolostar.it\/\",\"logo\":{\"@type\":\"ImageObject\",\"inLanguage\":\"es\",\"@id\":\"https:\/\/sanpolostar.it\/#\/schema\/logo\/image\/\",\"url\":\"https:\/\/sanpolostar.it\/wp-content\/uploads\/2023\/01\/logo-san-polo-star-1.png\",\"contentUrl\":\"https:\/\/sanpolostar.it\/wp-content\/uploads\/2023\/01\/logo-san-polo-star-1.png\",\"width\":150,\"height\":90,\"caption\":\"San Polo Star\"},\"image\":{\"@id\":\"https:\/\/sanpolostar.it\/#\/schema\/logo\/image\/\"}}]}<\/script>\n<!-- \/ Yoast SEO plugin. -->","yoast_head_json":{"title":"Reservas - San Polo Star","robots":{"index":"index","follow":"follow","max-snippet":"max-snippet:-1","max-image-preview":"max-image-preview:large","max-video-preview":"max-video-preview:-1"},"canonical":"http:\/\/sanpolostar.it\/es\/tarifas-y-reservas\/","og_locale":"es_ES","og_type":"article","og_title":"Reservas - San Polo Star","og_description":"En esta secci\u00f3n puede reservar su alojamiento al mejor precio, ahorrando hasta un 20% en comparaci\u00f3n con los precios que cobran los sitios de reservas de terceros. Entrada: 16:00-19:00. El registro de entrada entre las 19.00 y las 21.00 horas conlleva un suplemento de 25 euros. No es posible registrarse despu\u00e9s de las 21:00 horas, [&hellip;]","og_url":"http:\/\/sanpolostar.it\/es\/tarifas-y-reservas\/","og_site_name":"San Polo Star","article_modified_time":"2025-11-30T16:35:03+00:00","twitter_card":"summary_large_image","twitter_misc":{"Tiempo de lectura":"1 minuto"},"schema":{"@context":"https:\/\/schema.org","@graph":[{"@type":"WebPage","@id":"http:\/\/sanpolostar.it\/es\/tarifas-y-reservas\/","url":"http:\/\/sanpolostar.it\/es\/tarifas-y-reservas\/","name":"Reservas - San Polo Star","isPartOf":{"@id":"https:\/\/sanpolostar.it\/#website"},"datePublished":"2023-04-20T18:34:13+00:00","dateModified":"2025-11-30T16:35:03+00:00","breadcrumb":{"@id":"http:\/\/sanpolostar.it\/es\/tarifas-y-reservas\/#breadcrumb"},"inLanguage":"es","potentialAction":[{"@type":"ReadAction","target":["http:\/\/sanpolostar.it\/es\/tarifas-y-reservas\/"]}]},{"@type":"BreadcrumbList","@id":"http:\/\/sanpolostar.it\/es\/tarifas-y-reservas\/#breadcrumb","itemListElement":[{"@type":"ListItem","position":1,"name":"Home","item":"http:\/\/sanpolostar.it\/es\/"},{"@type":"ListItem","position":2,"name":"Reservas"}]},{"@type":"WebSite","@id":"https:\/\/sanpolostar.it\/#website","url":"https:\/\/sanpolostar.it\/","name":"San Polo Star","description":"","publisher":{"@id":"https:\/\/sanpolostar.it\/#organization"},"potentialAction":[{"@type":"SearchAction","target":{"@type":"EntryPoint","urlTemplate":"https:\/\/sanpolostar.it\/?s={search_term_string}"},"query-input":{"@type":"PropertyValueSpecification","valueRequired":true,"valueName":"search_term_string"}}],"inLanguage":"es"},{"@type":"Organization","@id":"https:\/\/sanpolostar.it\/#organization","name":"San Polo Star","url":"https:\/\/sanpolostar.it\/","logo":{"@type":"ImageObject","inLanguage":"es","@id":"https:\/\/sanpolostar.it\/#\/schema\/logo\/image\/","url":"https:\/\/sanpolostar.it\/wp-content\/uploads\/2023\/01\/logo-san-polo-star-1.png","contentUrl":"https:\/\/sanpolostar.it\/wp-content\/uploads\/2023\/01\/logo-san-polo-star-1.png","width":150,"height":90,"caption":"San Polo Star"},"image":{"@id":"https:\/\/sanpolostar.it\/#\/schema\/logo\/image\/"}}]}},"_links":{"self":[{"href":"https:\/\/sanpolostar.it\/es\/wp-json\/wp\/v2\/pages\/1858","targetHints":{"allow":["GET"]}}],"collection":[{"href":"https:\/\/sanpolostar.it\/es\/wp-json\/wp\/v2\/pages"}],"about":[{"href":"https:\/\/sanpolostar.it\/es\/wp-json\/wp\/v2\/types\/page"}],"author":[{"embeddable":true,"href":"https:\/\/sanpolostar.it\/es\/wp-json\/wp\/v2\/users\/1"}],"replies":[{"embeddable":true,"href":"https:\/\/sanpolostar.it\/es\/wp-json\/wp\/v2\/comments?post=1858"}],"version-history":[{"count":12,"href":"https:\/\/sanpolostar.it\/es\/wp-json\/wp\/v2\/pages\/1858\/revisions"}],"predecessor-version":[{"id":3018,"href":"https:\/\/sanpolostar.it\/es\/wp-json\/wp\/v2\/pages\/1858\/revisions\/3018"}],"wp:attachment":[{"href":"https:\/\/sanpolostar.it\/es\/wp-json\/wp\/v2\/media?parent=1858"}],"curies":[{"name":"wp","href":"https:\/\/api.w.org\/{rel}","templated":true}]}}