{"id":1652,"date":"2023-04-20T20:34:13","date_gmt":"2023-04-20T18:34:13","guid":{"rendered":"https:\/\/sanpolostar.it\/preise-buchungen\/"},"modified":"2025-11-30T17:25:07","modified_gmt":"2025-11-30T16:25:07","slug":"preise-buchungen","status":"publish","type":"page","link":"https:\/\/sanpolostar.it\/de\/preise-buchungen\/","title":{"rendered":"Reservierungen"},"content":{"rendered":"\t\t<div data-elementor-type=\"wp-page\" data-elementor-id=\"1652\" class=\"elementor elementor-1652 elementor-720\" data-elementor-post-type=\"page\">\n\t\t\t\t\t\t<section class=\"elementor-section elementor-top-section elementor-element elementor-element-7652c2e elementor-section-boxed elementor-section-height-default elementor-section-height-default\" data-id=\"7652c2e\" data-element_type=\"section\" data-e-type=\"section\">\n\t\t\t\t\t\t<div class=\"elementor-container elementor-column-gap-default\">\n\t\t\t\t\t<div class=\"elementor-column elementor-col-100 elementor-top-column elementor-element elementor-element-7a5cd65\" data-id=\"7a5cd65\" data-element_type=\"column\" data-e-type=\"column\">\n\t\t\t<div class=\"elementor-widget-wrap elementor-element-populated\">\n\t\t\t\t\t\t<div class=\"elementor-element elementor-element-8a43dda elementor-widget elementor-widget-heading\" data-id=\"8a43dda\" data-element_type=\"widget\" data-e-type=\"widget\" data-widget_type=\"heading.default\">\n\t\t\t\t<div class=\"elementor-widget-container\">\n\t\t\t\t\t<h1 class=\"elementor-heading-title elementor-size-default\">Reservierungen<\/h1>\t\t\t\t<\/div>\n\t\t\t\t<\/div>\n\t\t\t\t<div class=\"elementor-element elementor-element-7ffd456 elementor-widget elementor-widget-text-editor\" data-id=\"7ffd456\" data-element_type=\"widget\" data-e-type=\"widget\" data-widget_type=\"text-editor.default\">\n\t\t\t\t<div class=\"elementor-widget-container\">\n\t\t\t\t\t\t\t\t\t<p>In diesem Bereich k\u00f6nnen Sie Ihre Unterkunft zum besten Preis buchen <strong>und dabei bis zu 20%<\/strong> im Vergleich zu den Preisen anderer Buchungsportale sparen.<\/p><p><strong>Check-in<\/strong>: 16-19 Uhr.<\/p><p>F\u00fcr den Check-in zwischen 19 und 21 Uhr wird ein Zuschlag von 25 \u20ac erhoben.<\/p><p>Es ist nicht m\u00f6glich, nach 21:00 Uhr einzuchecken, auch nicht gegen eine zus\u00e4tzliche Geb\u00fchr.<\/p><p>Alle Nachz\u00fcgleranfragen m\u00fcssen unserer Einrichtung mindestens 72 Stunden vor dem Ankunftsdatum mitgeteilt und von ihr best\u00e4tigt werden.<\/p><p><strong>Achtung:<\/strong> Nach der Buchung erhalten Sie einen Zahlungslink, der Sie zu einer sicheren Zahlungsplattform weiterleitet. Die Buchung wird von unserer Unterkunft erst dann endg\u00fcltig best\u00e4tigt, wenn Sie den Buchungspreis bezahlt haben, was innerhalb von 24 Stunden nach Erhalt des Links erfolgen muss. Bei Buchungen am selben Tag ist die Zahlung sofort nach Versenden des Links f\u00e4llig.<\/p><p>Im Folgenden k\u00f6nnen Sie Ihren Aufenthalt ausw\u00e4hlen, indem Sie alle Daten in die Buchungsmaschine eingeben.<\/p><p>Wenn Sie auf unserer Website kein passendes Angebot finden, empfehlen wir Ihnen, die Vorschl\u00e4ge auf <a href=\"http:\/\/www.booking-venice.com\" rel=\"nofollow noopener\" target=\"_blank\">www.booking-venice.com<\/a> zu pr\u00fcfen.<\/p>\t\t\t\t\t\t\t\t<\/div>\n\t\t\t\t<\/div>\n\t\t\t\t\t<\/div>\n\t\t<\/div>\n\t\t\t\t\t<\/div>\n\t\t<\/section>\n\t\t\t\t<section class=\"elementor-section elementor-top-section elementor-element elementor-element-7627d20 elementor-section-boxed elementor-section-height-default elementor-section-height-default\" data-id=\"7627d20\" data-element_type=\"section\" data-e-type=\"section\">\n\t\t\t\t\t\t<div class=\"elementor-container elementor-column-gap-default\">\n\t\t\t\t\t<div class=\"elementor-column elementor-col-100 elementor-top-column elementor-element elementor-element-76d7327\" data-id=\"76d7327\" data-element_type=\"column\" data-e-type=\"column\" data-settings=\"{&quot;background_background&quot;:&quot;classic&quot;}\">\n\t\t\t<div class=\"elementor-widget-wrap elementor-element-populated\">\n\t\t\t\t\t\t<div class=\"elementor-element elementor-element-92c1449 elementor-widget elementor-widget-html\" data-id=\"92c1449\" data-element_type=\"widget\" data-e-type=\"widget\" data-widget_type=\"html.default\">\n\t\t\t\t<div class=\"elementor-widget-container\">\n\t\t\t\t\t<link href=\"https:\/\/cdn.ciaobooking.com\/widget\/css\/app.css\" rel=\"stylesheet\"\/><ciaobooking-widget\r\n        property-id=\"146164\"\r\n        host=\"https:\/\/sanpolostar.bookpage.io\"\r\n        radius=\"3px\"\r\n        with-children=\"true\"\r\n        primary-color=\"#24080874\"\r\n        new-page=\"false\"\r\n        expanded-occupation=\"false\"\r\n        with-shadow=\"false\"\r\n        alternative-submit=\"true\"\r\n        is-dropdown=\"false\"\r\n        font-family=\"Montserrat\"\r\n        with-destinations=\"false\"\r\n        booking-network-id=\"1310\"\r\n        ><\/ciaobooking-widget><script src=\"https:\/\/cdn.ciaobooking.com\/widget\/js\/app.js\"><\/script>\t\t\t\t<\/div>\n\t\t\t\t<\/div>\n\t\t\t\t\t<\/div>\n\t\t<\/div>\n\t\t\t\t\t<\/div>\n\t\t<\/section>\n\t\t\t\t<\/div>\n\t\t","protected":false},"excerpt":{"rendered":"<p>In diesem Bereich k\u00f6nnen Sie Ihre Unterkunft zum besten Preis buchen und dabei bis zu 20% im Vergleich zu den Preisen anderer Buchungsportale sparen. Check-in: 16-19 Uhr. F\u00fcr den Check-in zwischen 19 und 21 Uhr wird ein Zuschlag von 25 \u20ac erhoben. Es ist nicht m\u00f6glich, nach 21:00 Uhr einzuchecken, auch nicht gegen eine zus\u00e4tzliche [&hellip;]<\/p>\n","protected":false},"author":1,"featured_media":0,"parent":0,"menu_order":0,"comment_status":"closed","ping_status":"closed","template":"","meta":{"footnotes":""},"class_list":["post-1652","page","type-page","status-publish","hentry"],"yoast_head":"<!-- This site is optimized with the Yoast SEO plugin v27.2 - https:\/\/yoast.com\/product\/yoast-seo-wordpress\/ -->\n<title>Reservierungen - San Polo Star<\/title>\n<meta name=\"robots\" content=\"index, follow, max-snippet:-1, max-image-preview:large, max-video-preview:-1\" \/>\n<link rel=\"canonical\" href=\"https:\/\/sanpolostar.it\/de\/preise-buchungen\/\" \/>\n<meta property=\"og:locale\" content=\"de_DE\" \/>\n<meta property=\"og:type\" content=\"article\" \/>\n<meta property=\"og:title\" content=\"Reservierungen - San Polo Star\" \/>\n<meta property=\"og:description\" content=\"In diesem Bereich k\u00f6nnen Sie Ihre Unterkunft zum besten Preis buchen und dabei bis zu 20% im Vergleich zu den Preisen anderer Buchungsportale sparen. Check-in: 16-19 Uhr. F\u00fcr den Check-in zwischen 19 und 21 Uhr wird ein Zuschlag von 25 \u20ac erhoben. Es ist nicht m\u00f6glich, nach 21:00 Uhr einzuchecken, auch nicht gegen eine zus\u00e4tzliche [&hellip;]\" \/>\n<meta property=\"og:url\" content=\"https:\/\/sanpolostar.it\/de\/preise-buchungen\/\" \/>\n<meta property=\"og:site_name\" content=\"San Polo Star\" \/>\n<meta property=\"article:modified_time\" content=\"2025-11-30T16:25:07+00:00\" \/>\n<meta name=\"twitter:card\" content=\"summary_large_image\" \/>\n<meta name=\"twitter:label1\" content=\"Gesch\u00e4tzte Lesezeit\" \/>\n\t<meta name=\"twitter:data1\" content=\"1\u00a0Minute\" \/>\n<script type=\"application\/ld+json\" class=\"yoast-schema-graph\">{\"@context\":\"https:\/\/schema.org\",\"@graph\":[{\"@type\":\"WebPage\",\"@id\":\"https:\/\/sanpolostar.it\/de\/preise-buchungen\/\",\"url\":\"https:\/\/sanpolostar.it\/de\/preise-buchungen\/\",\"name\":\"Reservierungen - San Polo Star\",\"isPartOf\":{\"@id\":\"https:\/\/sanpolostar.it\/#website\"},\"datePublished\":\"2023-04-20T18:34:13+00:00\",\"dateModified\":\"2025-11-30T16:25:07+00:00\",\"breadcrumb\":{\"@id\":\"https:\/\/sanpolostar.it\/de\/preise-buchungen\/#breadcrumb\"},\"inLanguage\":\"de\",\"potentialAction\":[{\"@type\":\"ReadAction\",\"target\":[\"https:\/\/sanpolostar.it\/de\/preise-buchungen\/\"]}]},{\"@type\":\"BreadcrumbList\",\"@id\":\"https:\/\/sanpolostar.it\/de\/preise-buchungen\/#breadcrumb\",\"itemListElement\":[{\"@type\":\"ListItem\",\"position\":1,\"name\":\"Home\",\"item\":\"https:\/\/sanpolostar.it\/de\/\"},{\"@type\":\"ListItem\",\"position\":2,\"name\":\"Reservierungen\"}]},{\"@type\":\"WebSite\",\"@id\":\"https:\/\/sanpolostar.it\/#website\",\"url\":\"https:\/\/sanpolostar.it\/\",\"name\":\"San Polo Star\",\"description\":\"\",\"publisher\":{\"@id\":\"https:\/\/sanpolostar.it\/#organization\"},\"potentialAction\":[{\"@type\":\"SearchAction\",\"target\":{\"@type\":\"EntryPoint\",\"urlTemplate\":\"https:\/\/sanpolostar.it\/?s={search_term_string}\"},\"query-input\":{\"@type\":\"PropertyValueSpecification\",\"valueRequired\":true,\"valueName\":\"search_term_string\"}}],\"inLanguage\":\"de\"},{\"@type\":\"Organization\",\"@id\":\"https:\/\/sanpolostar.it\/#organization\",\"name\":\"San Polo Star\",\"url\":\"https:\/\/sanpolostar.it\/\",\"logo\":{\"@type\":\"ImageObject\",\"inLanguage\":\"de\",\"@id\":\"https:\/\/sanpolostar.it\/#\/schema\/logo\/image\/\",\"url\":\"https:\/\/sanpolostar.it\/wp-content\/uploads\/2023\/01\/logo-san-polo-star-1.png\",\"contentUrl\":\"https:\/\/sanpolostar.it\/wp-content\/uploads\/2023\/01\/logo-san-polo-star-1.png\",\"width\":150,\"height\":90,\"caption\":\"San Polo Star\"},\"image\":{\"@id\":\"https:\/\/sanpolostar.it\/#\/schema\/logo\/image\/\"}}]}<\/script>\n<!-- \/ Yoast SEO plugin. -->","yoast_head_json":{"title":"Reservierungen - San Polo Star","robots":{"index":"index","follow":"follow","max-snippet":"max-snippet:-1","max-image-preview":"max-image-preview:large","max-video-preview":"max-video-preview:-1"},"canonical":"https:\/\/sanpolostar.it\/de\/preise-buchungen\/","og_locale":"de_DE","og_type":"article","og_title":"Reservierungen - San Polo Star","og_description":"In diesem Bereich k\u00f6nnen Sie Ihre Unterkunft zum besten Preis buchen und dabei bis zu 20% im Vergleich zu den Preisen anderer Buchungsportale sparen. Check-in: 16-19 Uhr. F\u00fcr den Check-in zwischen 19 und 21 Uhr wird ein Zuschlag von 25 \u20ac erhoben. Es ist nicht m\u00f6glich, nach 21:00 Uhr einzuchecken, auch nicht gegen eine zus\u00e4tzliche [&hellip;]","og_url":"https:\/\/sanpolostar.it\/de\/preise-buchungen\/","og_site_name":"San Polo Star","article_modified_time":"2025-11-30T16:25:07+00:00","twitter_card":"summary_large_image","twitter_misc":{"Gesch\u00e4tzte Lesezeit":"1\u00a0Minute"},"schema":{"@context":"https:\/\/schema.org","@graph":[{"@type":"WebPage","@id":"https:\/\/sanpolostar.it\/de\/preise-buchungen\/","url":"https:\/\/sanpolostar.it\/de\/preise-buchungen\/","name":"Reservierungen - San Polo Star","isPartOf":{"@id":"https:\/\/sanpolostar.it\/#website"},"datePublished":"2023-04-20T18:34:13+00:00","dateModified":"2025-11-30T16:25:07+00:00","breadcrumb":{"@id":"https:\/\/sanpolostar.it\/de\/preise-buchungen\/#breadcrumb"},"inLanguage":"de","potentialAction":[{"@type":"ReadAction","target":["https:\/\/sanpolostar.it\/de\/preise-buchungen\/"]}]},{"@type":"BreadcrumbList","@id":"https:\/\/sanpolostar.it\/de\/preise-buchungen\/#breadcrumb","itemListElement":[{"@type":"ListItem","position":1,"name":"Home","item":"https:\/\/sanpolostar.it\/de\/"},{"@type":"ListItem","position":2,"name":"Reservierungen"}]},{"@type":"WebSite","@id":"https:\/\/sanpolostar.it\/#website","url":"https:\/\/sanpolostar.it\/","name":"San Polo Star","description":"","publisher":{"@id":"https:\/\/sanpolostar.it\/#organization"},"potentialAction":[{"@type":"SearchAction","target":{"@type":"EntryPoint","urlTemplate":"https:\/\/sanpolostar.it\/?s={search_term_string}"},"query-input":{"@type":"PropertyValueSpecification","valueRequired":true,"valueName":"search_term_string"}}],"inLanguage":"de"},{"@type":"Organization","@id":"https:\/\/sanpolostar.it\/#organization","name":"San Polo Star","url":"https:\/\/sanpolostar.it\/","logo":{"@type":"ImageObject","inLanguage":"de","@id":"https:\/\/sanpolostar.it\/#\/schema\/logo\/image\/","url":"https:\/\/sanpolostar.it\/wp-content\/uploads\/2023\/01\/logo-san-polo-star-1.png","contentUrl":"https:\/\/sanpolostar.it\/wp-content\/uploads\/2023\/01\/logo-san-polo-star-1.png","width":150,"height":90,"caption":"San Polo Star"},"image":{"@id":"https:\/\/sanpolostar.it\/#\/schema\/logo\/image\/"}}]}},"_links":{"self":[{"href":"https:\/\/sanpolostar.it\/de\/wp-json\/wp\/v2\/pages\/1652","targetHints":{"allow":["GET"]}}],"collection":[{"href":"https:\/\/sanpolostar.it\/de\/wp-json\/wp\/v2\/pages"}],"about":[{"href":"https:\/\/sanpolostar.it\/de\/wp-json\/wp\/v2\/types\/page"}],"author":[{"embeddable":true,"href":"https:\/\/sanpolostar.it\/de\/wp-json\/wp\/v2\/users\/1"}],"replies":[{"embeddable":true,"href":"https:\/\/sanpolostar.it\/de\/wp-json\/wp\/v2\/comments?post=1652"}],"version-history":[{"count":12,"href":"https:\/\/sanpolostar.it\/de\/wp-json\/wp\/v2\/pages\/1652\/revisions"}],"predecessor-version":[{"id":2994,"href":"https:\/\/sanpolostar.it\/de\/wp-json\/wp\/v2\/pages\/1652\/revisions\/2994"}],"wp:attachment":[{"href":"https:\/\/sanpolostar.it\/de\/wp-json\/wp\/v2\/media?parent=1652"}],"curies":[{"name":"wp","href":"https:\/\/api.w.org\/{rel}","templated":true}]}}